{"id":170,"date":"2014-12-06T20:49:57","date_gmt":"2014-12-06T19:49:57","guid":{"rendered":"http:\/\/www.cvraiz.com\/?page_id=170"},"modified":"2024-02-25T00:41:09","modified_gmt":"2024-02-24T23:41:09","slug":"cimboa-instrument","status":"publish","type":"page","link":"https:\/\/cvraiz.com\/?page_id=170","title":{"rendered":"Cimboa instrument"},"content":{"rendered":"<p><span style=\"font-size: x-large;\"><b>CIMBOA<\/b><\/span><\/p>\n<p>This violin like instrument is unfortunately getting very rare. In the past it was <span style=\"color: #0000ff;\"><strong>used frequently during <a style=\"color: #0000ff;\" href=\"http:\/\/en.wikipedia.org\/wiki\/Batuque_%28music%29\" target=\"_blank\" rel=\"noopener\">Batuku <\/a>events<\/strong><\/span> though. The <a href=\"http:\/\/en.wikipedia.org\/wiki\/Batuque_%28music%29\" target=\"_blank\" rel=\"noopener\">Batuku dance and music<\/a> are also clearly Upper Guinean in inspiration but no direct equivalent on the mainland has been found up till now. At least not that I am aware of. Perhaps also because of separate evolution on Cape Verde (females playing a dominant role unlike in most mainland musical traditions). The only equivalent I can think of this female dynamic is <a href=\"https:\/\/www.youtube.com\/watch?v=XrWSt_qxZvc\" target=\"_blank\" rel=\"noopener\">Mandjuandadi music<\/a> from Guin\u00e9 Bissau. Although the dancing and other aspects are different.<\/p>\n<p>However the Cimboa itself seems to be clearly hailing from the northern parts of Senegambia. <strong><span style=\"color: #0000ff;\">The word itself apparently being derived from Mandinga<\/span><\/strong>. This quote below is mentioning the Mandinga etymology and how it used to be played also on other islands besides Santiago. Although it migh have gone extinct in most places it seems the dominance of stringed instruments in Cape Verdean music might be linked to the legacy of the Cimboa.<\/p>\n<p>____________________<\/p>\n<div class=\"bbcode_container\">\n<div class=\"bbcode_quote\">\n<address class=\"quote_container\" style=\"padding-left: 60px;\">A Cimb\u00f3 ou Cimboa, uma esp\u00e9cie de rabeca, cujo termo, segundo o referido Jo\u00e3o Lopes citando Ant\u00f3nio Carreira<b>, <span style=\"color: #0000ff;\">\u00e9 de origem mandinga<\/span>.<\/b> Mais diz Jo\u00e3o, que corroboramos, este instrumento musical preciso ser preservado para n\u00e3o desaparecer. Poucos o conhecem em Cabo Verde e menos ainda o sabem tocar. Diz-nos Jo\u00e3o que actualmente existe apenas na ilha de Santiago, mas j\u00e1 foi presente em Sto. Ant\u00e3o, S. Nicolau, Fogo e Maio, sendo estas as primeiras ilhas de Cabo Verde a serem povoadas. A Cimboa \u00e9 normalmente utilizada nas festas da tabanca e no batuque.<\/p>\n<\/address>\n<\/div>\n<\/div>\n<p>____________________<\/p>\n<p>On <a href=\"http:\/\/en.wikipedia.org\/wiki\/Cimboa\" target=\"_blank\" rel=\"noopener\">Wikipedia<\/a> the Cimboa is being compared with Sahelian instruments from Chad\/northern Nigeria, but obviously this area is not where Cape Verdeans share any ancestral connections with. From the Cape Verdean travelling accounts dating from the 1500\u2019s\/1600\u2019s <strong><span style=\"color: #0000ff;\">similar string instruments are actually mentioned for both the Wolof and Mandinga<\/span><\/strong>. They already describe the griots back then and also how they formed a separate caste. Personally I think the Riti instrument from Senegal is a more likely predecessor of the Cimboa . According to some it&#8217;s a Fula instrument originally but like I said similar violin like instruments were already played by the Wolof &amp; Mandinga according to accounts from the 1500&#8217;s\/1600&#8217;s.<\/p>\n<p>____________________<\/p>\n<div class=\"bbcode_container\">\n<div class=\"bbcode_quote\">\n<address class=\"quote_container\" style=\"padding-left: 30px;\"><strong><span style=\"color: #0000ff;\">The riti or nyanyeru is a one-string violin,<\/span><\/strong> originating from the Fulani people. The Fulani are originally a nomadic people and you can find various Fulani people all over the Sahel, from East to West, and most countries in West Africa. In Wolof (main language in Gambia and Senegal) the violin is called the riti, and in Fula the nyanyeru.<\/address>\n<\/div>\n<\/div>\n<p>____________________<\/p>\n<p>Cool site about saving the Cimboa, it also has a sample at the very end with one of the last persons (Mano Mendi) able to still play it the traditional way. Sounds very Sahellian to me.<\/p>\n<ul>\n<li><a href=\"https:\/\/web.archive.org\/web\/20151004003850\/http:\/\/www.powerofculture.nl\/uk\/specials\/cimboa\/index.html#\" target=\"_blank\" rel=\"noopener\">Cimboa Project<\/a><\/li>\n<\/ul>\n<p><img loading=\"lazy\" decoding=\"async\" class=\"aligncenter wp-image-215 size-full\" src=\"https:\/\/www.cvraiz.com\/wp-content\/uploads\/mano-mendi-janeiro-2008.jpg\" alt=\"mano mendi janeiro 2008\" width=\"384\" height=\"311\" srcset=\"https:\/\/cvraiz.com\/wp-content\/uploads\/mano-mendi-janeiro-2008.jpg 384w, https:\/\/cvraiz.com\/wp-content\/uploads\/mano-mendi-janeiro-2008-300x242.jpg 300w\" sizes=\"(max-width: 384px) 100vw, 384px\" \/><\/p>\n<h1><span style=\"color: #ffffff;\">***<\/span><\/h1>\n<p>Go to the end of this video to hear the Cimboa being played<\/p>\n<div style=\"width: 640px;\" class=\"wp-video\"><!--[if lt IE 9]><script>document.createElement('video');<\/script><![endif]-->\n<video class=\"wp-video-shortcode\" id=\"video-170-1\" width=\"640\" height=\"360\" preload=\"metadata\" controls=\"controls\"><source type=\"video\/mp4\" src=\"https:\/\/cache01.stormap.sapo.pt\/dld\/kcR09RXqWaxtE4YYU6Eh2A\/65da8698\/vidstore07\/videos\/b6\/8a\/61\/2382405_i0WZy.mp4?_=1\" \/><a href=\"https:\/\/cache01.stormap.sapo.pt\/dld\/kcR09RXqWaxtE4YYU6Eh2A\/65da8698\/vidstore07\/videos\/b6\/8a\/61\/2382405_i0WZy.mp4\">https:\/\/cache01.stormap.sapo.pt\/dld\/kcR09RXqWaxtE4YYU6Eh2A\/65da8698\/vidstore07\/videos\/b6\/8a\/61\/2382405_i0WZy.mp4<\/a><\/video><\/div>\n<h1><span style=\"color: #ffffff;\">***<\/span><\/h1>\n<p>Compare with this Riti video from Senegal<\/p>\n<div class=\"ast-oembed-container \" style=\"height: 100%;\"><iframe loading=\"lazy\" title=\"The Grande Riti - The One-String Fiddle of Senegal\" width=\"500\" height=\"375\" src=\"https:\/\/www.youtube.com\/embed\/FAjAmwQInPM?feature=oembed\" frameborder=\"0\" allow=\"accelerometer; autoplay; clipboard-write; encrypted-media; gyroscope; picture-in-picture; web-share\" allowfullscreen><\/iframe><\/div>\n<h1><span style=\"color: #ffffff;\">***<\/span><\/h1>\n<p>Cimboa being played in Cape Verde<\/p>\n<p><a href=\"https:\/\/www.cvraiz.com\/wp-content\/uploads\/5601150_wOpzE.gif\"><img loading=\"lazy\" decoding=\"async\" class=\"aligncenter wp-image-217 size-full\" src=\"https:\/\/www.cvraiz.com\/wp-content\/uploads\/5601150_wOpzE.gif\" alt=\"5601150_wOpzE\" width=\"580\" height=\"435\" \/><\/a><\/p>\n<h1><span style=\"color: #ffffff;\">***<\/span><\/h1>\n<p>Cape Verdean Cimboa<\/p>\n<p><img loading=\"lazy\" decoding=\"async\" class=\"aligncenter wp-image-218 size-full\" src=\"https:\/\/www.cvraiz.com\/wp-content\/uploads\/Cimboa-15171737_orjoz.jpeg\" alt=\"Cimboa 15171737_orjoz\" width=\"580\" height=\"386\" srcset=\"https:\/\/cvraiz.com\/wp-content\/uploads\/Cimboa-15171737_orjoz.jpeg 580w, https:\/\/cvraiz.com\/wp-content\/uploads\/Cimboa-15171737_orjoz-300x199.jpeg 300w, https:\/\/cvraiz.com\/wp-content\/uploads\/Cimboa-15171737_orjoz-120x80.jpeg 120w\" sizes=\"(max-width: 580px) 100vw, 580px\" \/><\/p>\n<h1><span style=\"color: #ffffff;\">***<\/span><\/h1>\n<p>Riti from Senegambia<\/p>\n<p><img loading=\"lazy\" decoding=\"async\" class=\"aligncenter wp-image-216 size-full\" src=\"https:\/\/www.cvraiz.com\/wp-content\/uploads\/621.jpg\" alt=\"621\" width=\"540\" height=\"344\" srcset=\"https:\/\/cvraiz.com\/wp-content\/uploads\/621.jpg 540w, https:\/\/cvraiz.com\/wp-content\/uploads\/621-300x191.jpg 300w\" sizes=\"(max-width: 540px) 100vw, 540px\" \/><\/p>\n<h1><span style=\"color: #ffffff;\">***<\/span><\/h1>\n<p><img loading=\"lazy\" decoding=\"async\" class=\"aligncenter wp-image-219 size-full\" src=\"https:\/\/www.cvraiz.com\/wp-content\/uploads\/Riti-ifangbondi30m.jpg\" alt=\"Riti ifangbondi30m\" width=\"700\" height=\"525\" srcset=\"https:\/\/cvraiz.com\/wp-content\/uploads\/Riti-ifangbondi30m.jpg 700w, https:\/\/cvraiz.com\/wp-content\/uploads\/Riti-ifangbondi30m-300x225.jpg 300w\" sizes=\"(max-width: 700px) 100vw, 700px\" \/><\/p>\n<p><a href=\"https:\/\/www.cvraiz.com\/?page_id=172\"><img loading=\"lazy\" decoding=\"async\" class=\"aligncenter wp-image-113 size-full\" src=\"https:\/\/www.cvraiz.com\/wp-content\/uploads\/next.jpg\" alt=\"next\" width=\"600\" height=\"450\" srcset=\"https:\/\/cvraiz.com\/wp-content\/uploads\/next.jpg 600w, https:\/\/cvraiz.com\/wp-content\/uploads\/next-300x225.jpg 300w\" sizes=\"(max-width: 600px) 100vw, 600px\" \/><\/a><\/p>\n","protected":false},"excerpt":{"rendered":"<p>CIMBOA This violin like instrument is unfortunately getting very rare. In the past it was used frequently during Batuku events [&hellip;]<\/p>\n","protected":false},"author":1,"featured_media":0,"parent":16,"menu_order":5,"comment_status":"closed","ping_status":"closed","template":"template-sidebar-left.php","meta":{"site-sidebar-layout":"default","site-content-layout":"","ast-site-content-layout":"","site-content-style":"default","site-sidebar-style":"default","ast-global-header-display":"","ast-banner-title-visibility":"","ast-main-header-display":"","ast-hfb-above-header-display":"","ast-hfb-below-header-display":"","ast-hfb-mobile-header-display":"","site-post-title":"","ast-breadcrumbs-content":"","ast-featured-img":"","footer-sml-layout":"","theme-transparent-header-meta":"","adv-header-id-meta":"","stick-header-meta":"","header-above-stick-meta":"","header-main-stick-meta":"","header-below-stick-meta":"","astra-migrate-meta-layouts":"default","ast-page-background-enabled":"default","ast-page-background-meta":{"desktop":{"background-color":"var(--ast-global-color-4)","background-image":"","background-repeat":"repeat","background-position":"center center","background-size":"auto","background-attachment":"scroll","background-type":"","background-media":"","overlay-type":"","overlay-color":"","overlay-gradient":""},"tablet":{"background-color":"","background-image":"","background-repeat":"repeat","background-position":"center center","background-size":"auto","background-attachment":"scroll","background-type":"","background-media":"","overlay-type":"","overlay-color":"","overlay-gradient":""},"mobile":{"background-color":"","background-image":"","background-repeat":"repeat","background-position":"center center","background-size":"auto","background-attachment":"scroll","background-type":"","background-media":"","overlay-type":"","overlay-color":"","overlay-gradient":""}},"ast-content-background-meta":{"desktop":{"background-color":"var(--ast-global-color-5)","background-image":"","background-repeat":"repeat","background-position":"center center","background-size":"auto","background-attachment":"scroll","background-type":"","background-media":"","overlay-type":"","overlay-color":"","overlay-gradient":""},"tablet":{"background-color":"var(--ast-global-color-5)","background-image":"","background-repeat":"repeat","background-position":"center center","background-size":"auto","background-attachment":"scroll","background-type":"","background-media":"","overlay-type":"","overlay-color":"","overlay-gradient":""},"mobile":{"background-color":"var(--ast-global-color-5)","background-image":"","background-repeat":"repeat","background-position":"center center","background-size":"auto","background-attachment":"scroll","background-type":"","background-media":"","overlay-type":"","overlay-color":"","overlay-gradient":""}},"footnotes":""},"_links":{"self":[{"href":"https:\/\/cvraiz.com\/index.php?rest_route=\/wp\/v2\/pages\/170"}],"collection":[{"href":"https:\/\/cvraiz.com\/index.php?rest_route=\/wp\/v2\/pages"}],"about":[{"href":"https:\/\/cvraiz.com\/index.php?rest_route=\/wp\/v2\/types\/page"}],"author":[{"embeddable":true,"href":"https:\/\/cvraiz.com\/index.php?rest_route=\/wp\/v2\/users\/1"}],"replies":[{"embeddable":true,"href":"https:\/\/cvraiz.com\/index.php?rest_route=%2Fwp%2Fv2%2Fcomments&post=170"}],"version-history":[{"count":6,"href":"https:\/\/cvraiz.com\/index.php?rest_route=\/wp\/v2\/pages\/170\/revisions"}],"predecessor-version":[{"id":419,"href":"https:\/\/cvraiz.com\/index.php?rest_route=\/wp\/v2\/pages\/170\/revisions\/419"}],"up":[{"embeddable":true,"href":"https:\/\/cvraiz.com\/index.php?rest_route=\/wp\/v2\/pages\/16"}],"wp:attachment":[{"href":"https:\/\/cvraiz.com\/index.php?rest_route=%2Fwp%2Fv2%2Fmedia&parent=170"}],"curies":[{"name":"wp","href":"https:\/\/api.w.org\/{rel}","templated":true}]}}