{"id":172,"date":"2014-12-06T20:50:18","date_gmt":"2014-12-06T19:50:18","guid":{"rendered":"http:\/\/www.cvraiz.com\/?page_id=172"},"modified":"2024-03-12T18:28:45","modified_gmt":"2024-03-12T17:28:45","slug":"bumbudobombu","status":"publish","type":"page","link":"https:\/\/cvraiz.com\/?page_id=172","title":{"rendered":"Bumbudo\/Bombu"},"content":{"rendered":"<p><span style=\"font-size: x-large;\"><b>BAMBUDO\/BOMBU<\/b><\/span><\/p>\n<p><span style=\"color: #0000ff;\"><strong>Mothers carrying babies on their back<\/strong><\/span> is a familiar sight in most places of Africa but also in some parts of Asia and the Americas traditionally. Nowadays baby slings are also getting popular in the West ever since it got introduced by new age hippies, even worn by men \ud83d\ude42 .<\/p>\n<p>In Cape Verde it also used to be widespread but nowadays less so. <span style=\"color: #0000ff;\"><strong>The Cape Verdean word associated with this custom is Mandinga or even Bambara (Mali) derived<\/strong><\/span>. This tradition arguably being one of the most intimate ones preserved in Cape Verde to link Cape Verdeans with their mainland ancestors!<\/p>\n<p>____________________<\/p>\n<div class=\"bbcode_container\">\n<div class=\"bbcode_quote\">\n<address class=\"quote_container\" style=\"padding-left: 60px;\">Uma tradi\u00e7\u00e3o que vai se perdendo, esta das m\u00e3es cabo-verdianas com o seu filho &#8220;bumbudo&#8221; nas costas. [&#8230;] <span style=\"color: #0000ff;\"><strong>Em Cabo Verde, bombu mininu \u00e9 o ato de carregar\/transportar as crian\u00e7as com um pano<\/strong><\/span><\/address>\n<\/div>\n<\/div>\n<div class=\"bbcode_container\">\n<div class=\"bbcode_quote\">\n<address class=\"quote_container\" style=\"padding-left: 60px;\">In Upper Guinea, there were three types of panu: panu di bisti (dress panu), panu<br \/>\ndi bamb\u00fa307 (cloth wrap for baby), and panu di lamb\u00fa (shoulder cloth), which was used for men as a shawl or toga. <strong><span style=\"color: #0000ff;\">Bamb\u00fa is a Krioulo word that means, \u201cto carry,\u201d and is derived from Mandinka.<\/span><\/strong><\/address>\n<\/div>\n<\/div>\n<p>____________________<\/p>\n<p><a href=\"https:\/\/www.cvraiz.com\/wp-content\/uploads\/Bombu.jpg\"><img loading=\"lazy\" decoding=\"async\" class=\"aligncenter wp-image-225 size-full\" src=\"https:\/\/www.cvraiz.com\/wp-content\/uploads\/Bombu.jpg\" alt=\"Bombu\" width=\"844\" height=\"339\" srcset=\"https:\/\/cvraiz.com\/wp-content\/uploads\/Bombu.jpg 844w, https:\/\/cvraiz.com\/wp-content\/uploads\/Bombu-300x120.jpg 300w\" sizes=\"(max-width: 844px) 100vw, 844px\" \/><\/a><\/p>\n<h1><span style=\"color: #ffffff;\">***<\/span><\/h1>\n<p>Picture taken in Santiago<\/p>\n<p><img loading=\"lazy\" decoding=\"async\" class=\"aligncenter wp-image-224 size-full\" src=\"https:\/\/www.cvraiz.com\/wp-content\/uploads\/3578924874_815b31108b_b.jpg\" alt=\"3578924874_815b31108b_b\" width=\"1004\" height=\"748\" srcset=\"https:\/\/cvraiz.com\/wp-content\/uploads\/3578924874_815b31108b_b.jpg 1004w, https:\/\/cvraiz.com\/wp-content\/uploads\/3578924874_815b31108b_b-300x225.jpg 300w\" sizes=\"(max-width: 1004px) 100vw, 1004px\" \/><\/p>\n<h1><span style=\"color: #ffffff;\">***<\/span><\/h1>\n<p>S\u00e3o Vicente 1885<\/p>\n<p><img loading=\"lazy\" decoding=\"async\" class=\"aligncenter wp-image-226 size-full\" src=\"https:\/\/www.cvraiz.com\/wp-content\/uploads\/SV-1885.jpg\" alt=\"SV 1885\" width=\"499\" height=\"499\" srcset=\"https:\/\/cvraiz.com\/wp-content\/uploads\/SV-1885.jpg 499w, https:\/\/cvraiz.com\/wp-content\/uploads\/SV-1885-150x150.jpg 150w, https:\/\/cvraiz.com\/wp-content\/uploads\/SV-1885-300x300.jpg 300w\" sizes=\"(max-width: 499px) 100vw, 499px\" \/><\/p>\n<h1><span style=\"color: #ffffff;\">***<\/span><\/h1>\n<p>Old picture from Santo Ant\u00e3o, aside from child carrying on the back also showing traditional architecture, Pilon &amp; Pano de Terra.<\/p>\n<p><img loading=\"lazy\" decoding=\"async\" class=\"aligncenter wp-image-223 size-full\" src=\"https:\/\/www.cvraiz.com\/wp-content\/uploads\/2-Historia-de-Santo-Antao-721x1024.jpg\" alt=\"2-Historia-de-Santo-Antao--721x1024\" width=\"721\" height=\"1024\" srcset=\"https:\/\/cvraiz.com\/wp-content\/uploads\/2-Historia-de-Santo-Antao-721x1024.jpg 721w, https:\/\/cvraiz.com\/wp-content\/uploads\/2-Historia-de-Santo-Antao-721x1024-211x300.jpg 211w\" sizes=\"(max-width: 721px) 100vw, 721px\" \/><\/p>\n<p><a href=\"https:\/\/www.cvraiz.com\/?page_id=23\"><img loading=\"lazy\" decoding=\"async\" class=\"aligncenter wp-image-113 size-full\" src=\"https:\/\/www.cvraiz.com\/wp-content\/uploads\/next.jpg\" alt=\"next\" width=\"600\" height=\"450\" srcset=\"https:\/\/cvraiz.com\/wp-content\/uploads\/next.jpg 600w, https:\/\/cvraiz.com\/wp-content\/uploads\/next-300x225.jpg 300w\" sizes=\"(max-width: 600px) 100vw, 600px\" \/><\/a><\/p>\n","protected":false},"excerpt":{"rendered":"<p>BAMBUDO\/BOMBU Mothers carrying babies on their back is a familiar sight in most places of Africa but also in some [&hellip;]<\/p>\n","protected":false},"author":1,"featured_media":0,"parent":16,"menu_order":6,"comment_status":"closed","ping_status":"closed","template":"","meta":{"site-sidebar-layout":"default","site-content-layout":"","ast-site-content-layout":"","site-content-style":"default","site-sidebar-style":"default","ast-global-header-display":"","ast-banner-title-visibility":"","ast-main-header-display":"","ast-hfb-above-header-display":"","ast-hfb-below-header-display":"","ast-hfb-mobile-header-display":"","site-post-title":"","ast-breadcrumbs-content":"","ast-featured-img":"","footer-sml-layout":"","theme-transparent-header-meta":"","adv-header-id-meta":"","stick-header-meta":"","header-above-stick-meta":"","header-main-stick-meta":"","header-below-stick-meta":"","astra-migrate-meta-layouts":"default","ast-page-background-enabled":"default","ast-page-background-meta":{"desktop":{"background-color":"var(--ast-global-color-4)","background-image":"","background-repeat":"repeat","background-position":"center center","background-size":"auto","background-attachment":"scroll","background-type":"","background-media":"","overlay-type":"","overlay-color":"","overlay-gradient":""},"tablet":{"background-color":"","background-image":"","background-repeat":"repeat","background-position":"center center","background-size":"auto","background-attachment":"scroll","background-type":"","background-media":"","overlay-type":"","overlay-color":"","overlay-gradient":""},"mobile":{"background-color":"","background-image":"","background-repeat":"repeat","background-position":"center center","background-size":"auto","background-attachment":"scroll","background-type":"","background-media":"","overlay-type":"","overlay-color":"","overlay-gradient":""}},"ast-content-background-meta":{"desktop":{"background-color":"var(--ast-global-color-5)","background-image":"","background-repeat":"repeat","background-position":"center center","background-size":"auto","background-attachment":"scroll","background-type":"","background-media":"","overlay-type":"","overlay-color":"","overlay-gradient":""},"tablet":{"background-color":"var(--ast-global-color-5)","background-image":"","background-repeat":"repeat","background-position":"center center","background-size":"auto","background-attachment":"scroll","background-type":"","background-media":"","overlay-type":"","overlay-color":"","overlay-gradient":""},"mobile":{"background-color":"var(--ast-global-color-5)","background-image":"","background-repeat":"repeat","background-position":"center center","background-size":"auto","background-attachment":"scroll","background-type":"","background-media":"","overlay-type":"","overlay-color":"","overlay-gradient":""}},"footnotes":""},"_links":{"self":[{"href":"https:\/\/cvraiz.com\/index.php?rest_route=\/wp\/v2\/pages\/172"}],"collection":[{"href":"https:\/\/cvraiz.com\/index.php?rest_route=\/wp\/v2\/pages"}],"about":[{"href":"https:\/\/cvraiz.com\/index.php?rest_route=\/wp\/v2\/types\/page"}],"author":[{"embeddable":true,"href":"https:\/\/cvraiz.com\/index.php?rest_route=\/wp\/v2\/users\/1"}],"replies":[{"embeddable":true,"href":"https:\/\/cvraiz.com\/index.php?rest_route=%2Fwp%2Fv2%2Fcomments&post=172"}],"version-history":[{"count":4,"href":"https:\/\/cvraiz.com\/index.php?rest_route=\/wp\/v2\/pages\/172\/revisions"}],"predecessor-version":[{"id":587,"href":"https:\/\/cvraiz.com\/index.php?rest_route=\/wp\/v2\/pages\/172\/revisions\/587"}],"up":[{"embeddable":true,"href":"https:\/\/cvraiz.com\/index.php?rest_route=\/wp\/v2\/pages\/16"}],"wp:attachment":[{"href":"https:\/\/cvraiz.com\/index.php?rest_route=%2Fwp%2Fv2%2Fmedia&parent=172"}],"curies":[{"name":"wp","href":"https:\/\/api.w.org\/{rel}","templated":true}]}}